{"id":59,"date":"2019-08-14T13:00:09","date_gmt":"2019-08-14T11:00:09","guid":{"rendered":"http:\/\/swift-online.de.via.a.srvmk.de\/en\/?page_id=59"},"modified":"2019-08-14T13:00:10","modified_gmt":"2019-08-14T11:00:10","slug":"service","status":"publish","type":"page","link":"https:\/\/swift-online.de\/en\/products\/service-overview\/service\/","title":{"rendered":"Service"},"content":{"rendered":"\n<div class=\"wp-block-cover\" style=\"background-image:url(https:\/\/swift-online.de\/wp-content\/uploads\/2019\/08\/service.jpg);background-position:47% 58.37208356044089%\"><div class=\"wp-block-cover__inner-container is-layout-flow wp-block-cover-is-layout-flow\">\n<h2 style=\"text-align:left\" class=\"karriere wp-block-heading\">Wir helfen gern<\/h2>\n<\/div><\/div>\n\n\n\n<p>\u00dcberall  dieselbe alte Leier. Das Layout ist fertig, der Text l\u00e4sst auf  sich  warten. Damit das Layout nun nicht nackt im Raume steht und sich  klein  und leer vorkommt, springe ich ein: der Blindtext. Genau zu  diesem  Zwecke erschaffen, immer im Schatten meines gro\u00dfen Bruders  \u00bbLorem  Ipsum\u00ab, freue ich mich jedes Mal, wenn Sie ein paar Zeilen  lesen. Denn  esse est percipi &#8211; Sein ist wahrgenommen werden. Und weil  Sie nun schon  die G\u00fcte haben, mich ein paar weitere S\u00e4tze lang zu  begleiten, m\u00f6chte  ich diese Gelegenheit nutzen, Ihnen nicht nur als  L\u00fcckenf\u00fcller zu  dienen, sondern auf etwas hinzuweisen, das es ebenso  verdient  wahrgenommen zu werden: Webstandards n\u00e4mlich. Sehen Sie,  Webstandards  sind das Regelwerk, auf dem Webseiten aufbauen. So gibt es  Regeln f\u00fcr  HTML, CSS, JavaScript oder auch XML; Worte, die Sie  vielleicht schon  einmal von Ihrem Entwickler geh\u00f6rt haben. Diese  Standards sorgen daf\u00fcr,  dass alle Beteiligten aus einer Webseite den  gr\u00f6\u00dften Nutzen ziehen. Im  Gegensatz zu fr\u00fcheren Webseiten m\u00fcssen wir  zum Beispiel nicht mehr zwei  verschiedene Webseiten f\u00fcr den Internet  Explorer und einen anderen  Browser programmieren. Es reicht eine Seite,  die &#8211; richtig angelegt &#8211;  sowohl auf verschiedenen Browsern im Netz  funktioniert, aber ebenso gut  f\u00fcr den Ausdruck oder die Darstellung auf  einem Handy geeignet ist.  Wohlgemerkt: Eine Seite f\u00fcr alle Formate.  Was f\u00fcr eine Erleichterung.  Standards sparen Zeit bei den  Entwicklungskosten und sorgen daf\u00fcr, dass  sich Webseiten sp\u00e4ter  leichter pflegen lassen. Nat\u00fcrlich nur dann, wenn  sich alle an diese  Standards halten. Das gilt f\u00fcr Browser wie Firefox,  Opera, Safari und  den Internet Explorer ebenso wie f\u00fcr die Darstellung  in Handys. Und was  k\u00f6nnen Sie f\u00fcr Standards tun? Fordern Sie von Ihren  Designern und  Programmieren einfach standardkonforme Webseiten. Ihr  Budget wird es  Ihnen auf Dauer danken. Ebenso m\u00f6chte ich Ihnen daf\u00fcr  danken, dass Sie  mich bin zum Ende gelesen haben. Meine Mission ist  erf\u00fcllt. Ich werde  hier noch die Stellung halten, bis der geplante Text  eintrifft. Ich  w\u00fcnsche Ihnen noch einen sch\u00f6nen Tag. Und arbeiten Sie  nicht  zuviel!\u00dcberall dieselbe alte Leier. Das Layout ist fertig, der  Text  l\u00e4sst auf sich warten. Damit das Layout nun nicht nackt im Raume  steht  und sich klein und leer vorkommt, springe ich ein: der Blindtext.  Genau  zu diesem Zwecke erschaffen, immer im Schatten meines gro\u00dfen  Bruders  \u00bbLorem Ipsum\u00ab, freue ich mich jedes Mal, wenn Sie ein paar  Zeilen  lesen. Denn esse est percipi &#8211; Sein ist wahrgenommen werden. Und  weil  Sie nun  <\/p>\n","protected":false},"excerpt":{"rendered":"<p>\u00dcberall dieselbe alte Leier. Das Layout ist fertig, der Text l\u00e4sst auf sich warten. Damit das Layout nun nicht nackt im Raume steht und sich klein und leer vorkommt, springe ich ein: der Blindtext. Genau zu diesem Zwecke erschaffen, immer im Schatten meines gro\u00dfen Bruders \u00bbLorem &hellip; <\/p>\n<p><a href=\"https:\/\/swift-online.de\/en\/products\/service-overview\/service\/\" class=\"more-link\"><span class=\"morelink-icon\">Read more<\/span><\/a><\/p>\n","protected":false},"author":1,"featured_media":35,"parent":45,"menu_order":0,"comment_status":"closed","ping_status":"closed","template":"page-templates\/full-width.php","meta":{"footnotes":""},"class_list":["post-59","page","type-page","status-publish","has-post-thumbnail","hentry"],"aioseo_notices":[],"_links":{"self":[{"href":"https:\/\/swift-online.de\/en\/wp-json\/wp\/v2\/pages\/59","targetHints":{"allow":["GET"]}}],"collection":[{"href":"https:\/\/swift-online.de\/en\/wp-json\/wp\/v2\/pages"}],"about":[{"href":"https:\/\/swift-online.de\/en\/wp-json\/wp\/v2\/types\/page"}],"author":[{"embeddable":true,"href":"https:\/\/swift-online.de\/en\/wp-json\/wp\/v2\/users\/1"}],"replies":[{"embeddable":true,"href":"https:\/\/swift-online.de\/en\/wp-json\/wp\/v2\/comments?post=59"}],"version-history":[{"count":1,"href":"https:\/\/swift-online.de\/en\/wp-json\/wp\/v2\/pages\/59\/revisions"}],"predecessor-version":[{"id":61,"href":"https:\/\/swift-online.de\/en\/wp-json\/wp\/v2\/pages\/59\/revisions\/61"}],"up":[{"embeddable":true,"href":"https:\/\/swift-online.de\/en\/wp-json\/wp\/v2\/pages\/45"}],"wp:featuredmedia":[{"embeddable":true,"href":"https:\/\/swift-online.de\/en\/wp-json\/wp\/v2\/media\/35"}],"wp:attachment":[{"href":"https:\/\/swift-online.de\/en\/wp-json\/wp\/v2\/media?parent=59"}],"curies":[{"name":"wp","href":"https:\/\/api.w.org\/{rel}","templated":true}]}}