{"id":62,"date":"2019-08-14T13:01:45","date_gmt":"2019-08-14T11:01:45","guid":{"rendered":"http:\/\/swift-online.de.via.a.srvmk.de\/en\/?page_id=62"},"modified":"2019-08-14T13:03:39","modified_gmt":"2019-08-14T11:03:39","slug":"maintenance","status":"publish","type":"page","link":"https:\/\/swift-online.de\/en\/products\/service-overview\/maintenance\/","title":{"rendered":"Maintenance"},"content":{"rendered":"\n<div class=\"wp-block-cover\" style=\"background-image:url(https:\/\/swift-online.de\/wp-content\/uploads\/2019\/08\/service.jpg)\"><div class=\"wp-block-cover__inner-container is-layout-flow wp-block-cover-is-layout-flow\">\n<h2 style=\"text-align:left\" class=\"karriere wp-block-heading\">In null komma nix<\/h2>\n<\/div><\/div>\n\n\n\n<p>\u00dcberall\n dieselbe alte Leier. Das Layout ist fertig, der Text l\u00e4sst auf sich \nwarten. Damit das Layout nun nicht nackt im Raume steht und sich klein \nund leer vorkommt, springe ich ein: der Blindtext. Genau zu diesem \nZwecke erschaffen, immer im Schatten meines gro\u00dfen Bruders \u00bbLorem \nIpsum\u00ab, freue ich mich jedes Mal, wenn Sie ein paar Zeilen lesen. Denn \nesse est percipi &#8211; Sein ist wahrgenommen werden. Und weil Sie nun schon \ndie G\u00fcte haben, mich ein paar weitere S\u00e4tze lang zu begleiten, m\u00f6chte \nich diese Gelegenheit nutzen, Ihnen nicht nur als L\u00fcckenf\u00fcller zu \ndienen, sondern auf etwas hinzuweisen, das es ebenso verdient \nwahrgenommen zu werden: Webstandards n\u00e4mlich. Sehen Sie, Webstandards \nsind das Regelwerk, auf dem Webseiten aufbauen. So gibt es Regeln f\u00fcr \nHTML, CSS, JavaScript oder auch XML; Worte, die Sie vielleicht schon \neinmal von Ihrem Entwickler geh\u00f6rt haben. Diese Standards sorgen daf\u00fcr, \ndass alle Beteiligten aus einer Webseite den gr\u00f6\u00dften Nutzen ziehen. Im \nGegensatz zu fr\u00fcheren Webseiten m\u00fcssen wir zum Beispiel nicht mehr zwei \nverschiedene Webseiten f\u00fcr den Internet Explorer und einen anderen \nBrowser programmieren. Es reicht eine Seite, die &#8211; richtig angelegt &#8211; \nsowohl auf verschiedenen Browsern im Netz funktioniert, aber ebenso gut \nf\u00fcr den Ausdruck oder die Darstellung auf einem Handy geeignet ist. \nWohlgemerkt: Eine Seite f\u00fcr alle Formate. Was f\u00fcr eine Erleichterung. \nStandards sparen Zeit bei den Entwicklungskosten und sorgen daf\u00fcr, dass \nsich Webseiten sp\u00e4ter leichter pflegen lassen. Nat\u00fcrlich nur dann, wenn \nsich alle an diese Standards halten. Das gilt f\u00fcr Browser wie Firefox, \nOpera, Safari und den Internet Explorer ebenso wie f\u00fcr die Darstellung \nin Handys. Und was k\u00f6nnen Sie f\u00fcr Standards tun? Fordern Sie von Ihren \nDesignern und Programmieren einfach standardkonforme Webseiten. Ihr \nBudget wird es Ihnen auf Dauer danken. Ebenso m\u00f6chte ich Ihnen daf\u00fcr \ndanken, dass Sie mich bin zum Ende gelesen haben. Meine Mission ist \nerf\u00fcllt. Ich werde hier noch die Stellung halten, bis der geplante Text \neintrifft. Ich w\u00fcnsche Ihnen noch einen sch\u00f6nen Tag. Und arbeiten Sie \nnicht zuviel!\u00dcberall dieselbe alte Leier. Das Layout ist fertig, der \nText l\u00e4sst auf sich warten. Damit das Layout nun nicht nackt im Raume \nsteht und sich klein und leer vorkommt, springe ich ein: der Blindtext. \nGenau zu diesem Zwecke erschaffen, immer im Schatten meines gro\u00dfen \nBruders \u00bbLorem Ipsum\u00ab, freue ich mich jedes Mal, wenn Sie ein paar \nZeilen lesen. Denn esse est percipi &#8211; Sein ist wahrgenommen werden. Und \nweil Sie nun <\/p>\n","protected":false},"excerpt":{"rendered":"<p>\u00dcberall dieselbe alte Leier. Das Layout ist fertig, der Text l\u00e4sst auf sich warten. Damit das Layout nun nicht nackt im Raume steht und sich klein und leer vorkommt, springe ich ein: der Blindtext. Genau zu diesem Zwecke erschaffen, immer im Schatten meines gro\u00dfen Bruders \u00bbLorem &hellip; <\/p>\n<p><a href=\"https:\/\/swift-online.de\/en\/products\/service-overview\/maintenance\/\" class=\"more-link\"><span class=\"morelink-icon\">Read more<\/span><\/a><\/p>\n","protected":false},"author":1,"featured_media":0,"parent":45,"menu_order":0,"comment_status":"closed","ping_status":"closed","template":"page-templates\/full-width.php","meta":{"footnotes":""},"class_list":["post-62","page","type-page","status-publish","hentry"],"aioseo_notices":[],"_links":{"self":[{"href":"https:\/\/swift-online.de\/en\/wp-json\/wp\/v2\/pages\/62","targetHints":{"allow":["GET"]}}],"collection":[{"href":"https:\/\/swift-online.de\/en\/wp-json\/wp\/v2\/pages"}],"about":[{"href":"https:\/\/swift-online.de\/en\/wp-json\/wp\/v2\/types\/page"}],"author":[{"embeddable":true,"href":"https:\/\/swift-online.de\/en\/wp-json\/wp\/v2\/users\/1"}],"replies":[{"embeddable":true,"href":"https:\/\/swift-online.de\/en\/wp-json\/wp\/v2\/comments?post=62"}],"version-history":[{"count":1,"href":"https:\/\/swift-online.de\/en\/wp-json\/wp\/v2\/pages\/62\/revisions"}],"predecessor-version":[{"id":63,"href":"https:\/\/swift-online.de\/en\/wp-json\/wp\/v2\/pages\/62\/revisions\/63"}],"up":[{"embeddable":true,"href":"https:\/\/swift-online.de\/en\/wp-json\/wp\/v2\/pages\/45"}],"wp:attachment":[{"href":"https:\/\/swift-online.de\/en\/wp-json\/wp\/v2\/media?parent=62"}],"curies":[{"name":"wp","href":"https:\/\/api.w.org\/{rel}","templated":true}]}}