{"id":74,"date":"2019-08-14T13:17:05","date_gmt":"2019-08-14T11:17:05","guid":{"rendered":"http:\/\/swift-online.de.via.a.srvmk.de\/en\/?page_id=74"},"modified":"2019-08-14T13:28:27","modified_gmt":"2019-08-14T11:28:27","slug":"career","status":"publish","type":"page","link":"https:\/\/swift-online.de\/en\/about-swift\/career\/","title":{"rendered":"Career"},"content":{"rendered":"\n<div class=\"wp-block-cover\" style=\"background-image:url(https:\/\/swift-online.de\/wp-content\/uploads\/2019\/08\/job.jpg);background-position:78.5% 46.84209608493891%\"><div class=\"wp-block-cover__inner-container is-layout-flow wp-block-cover-is-layout-flow\">\n<h2 style=\"text-align:left\" class=\"karriere wp-block-heading\">Wir Stellen ein!<\/h2>\n<\/div><\/div>\n\n\n\n<p>Unser mittelst\u00e4ndisches Unternehmen wurde vor 40 Jahren als Spin-Off der Fraunhofer Gesellschaft Darmstadt gegr\u00fcndet und ist erfolgreich in der Messtechnik und Betriebsfestigkeit t\u00e4tig. Wir entwickeln und bieten individuelle Mess-L\u00f6sungen f\u00fcr Automotive, Windkraft, Luft- und Raumfahrt an. Als Familien-Unternehmen zeichnen wir uns aus durch schnelle Entscheidungen, gute Entwicklungsm\u00f6glichkeiten, viel Eigenverantwortung und Lernm\u00f6glichkeiten f\u00fcr unsere Mitarbeiter.<\/p>\n\n\n\n<h2 class=\"wp-block-heading\">Zur Verst\u00e4rkung unseres Entwicklungs-Teams suchen wir<\/h2>\n\n\n\n<div class=\"wp-block-file\"><a href=\"https:\/\/swift-online.de\/wp-content\/uploads\/2019\/08\/Anzeige_Entwickler_Swift-GmbH.pdf\">Anzeige Entwickler<\/a><a href=\"https:\/\/swift-online.de\/wp-content\/uploads\/2019\/08\/Anzeige_Entwickler_Swift-GmbH.pdf\" class=\"wp-block-file__button\" download>Stellenbeschreibung herunterladen<\/a><\/div>\n","protected":false},"excerpt":{"rendered":"<p>Unser mittelst\u00e4ndisches Unternehmen wurde vor 40 Jahren als Spin-Off der Fraunhofer Gesellschaft Darmstadt gegr\u00fcndet und ist erfolgreich in der Messtechnik und Betriebsfestigkeit t\u00e4tig. Wir entwickeln und bieten individuelle Mess-L\u00f6sungen f\u00fcr Automotive, Windkraft, Luft- und Raumfahrt an. Als Familien-Unternehmen zeichnen wir uns aus durch schnelle Entscheidungen, gute &hellip; <\/p>\n<p><a href=\"https:\/\/swift-online.de\/en\/about-swift\/career\/\" class=\"more-link\"><span class=\"morelink-icon\">Read more<\/span><\/a><\/p>\n","protected":false},"author":1,"featured_media":0,"parent":72,"menu_order":0,"comment_status":"closed","ping_status":"closed","template":"page-templates\/full-width.php","meta":{"footnotes":""},"class_list":["post-74","page","type-page","status-publish","hentry"],"aioseo_notices":[],"_links":{"self":[{"href":"https:\/\/swift-online.de\/en\/wp-json\/wp\/v2\/pages\/74","targetHints":{"allow":["GET"]}}],"collection":[{"href":"https:\/\/swift-online.de\/en\/wp-json\/wp\/v2\/pages"}],"about":[{"href":"https:\/\/swift-online.de\/en\/wp-json\/wp\/v2\/types\/page"}],"author":[{"embeddable":true,"href":"https:\/\/swift-online.de\/en\/wp-json\/wp\/v2\/users\/1"}],"replies":[{"embeddable":true,"href":"https:\/\/swift-online.de\/en\/wp-json\/wp\/v2\/comments?post=74"}],"version-history":[{"count":1,"href":"https:\/\/swift-online.de\/en\/wp-json\/wp\/v2\/pages\/74\/revisions"}],"predecessor-version":[{"id":80,"href":"https:\/\/swift-online.de\/en\/wp-json\/wp\/v2\/pages\/74\/revisions\/80"}],"up":[{"embeddable":true,"href":"https:\/\/swift-online.de\/en\/wp-json\/wp\/v2\/pages\/72"}],"wp:attachment":[{"href":"https:\/\/swift-online.de\/en\/wp-json\/wp\/v2\/media?parent=74"}],"curies":[{"name":"wp","href":"https:\/\/api.w.org\/{rel}","templated":true}]}}